{"id":2151,"date":"2024-01-30T13:51:36","date_gmt":"2024-01-30T12:51:36","guid":{"rendered":"https:\/\/www.contemporainedenimes.com\/?page_id=2151"},"modified":"2024-03-18T17:21:41","modified_gmt":"2024-03-18T16:21:41","slug":"practical-information-accessibility","status":"publish","type":"page","link":"https:\/\/www.contemporainedenimes.com\/en\/practical-information-accessibility\/","title":{"rendered":"USEFUL INFORMATION &#038; ACCESSIBILITY"},"content":{"rendered":"<div class=\"cdn23_CONTENT_BLOCK cdn23_CHAPEAU\"><\/div>\n\n<div class=\"cdn23_CONTENT_BLOCK cdn23_CHAPEAU\"><p>The Contemporaine de N\u00eemes is presented from April 5 to June 23, 2024.<\/p>\n<p><span style=\"font-weight: 400;\">Detailed practical information (times, addresses, prices&#8230;) and accessibility information can be found on the pages dedicated to the various projects and locations of the Contemporaine de N\u00eemes.<\/span><\/p>\n<\/div>\n\n<div class=\"cdn23_CONTENT_BLOCK cdn23_CHAPEAU\"><\/div>\n\n\n<h3 class=\"wp-block-heading\" class=\"wp-block-heading\" id=\"pass-contemporaine-de-nimes\"><strong>PASS CONTEMPORAINE DE N\u00ceMES<\/strong><\/h3>\n\n\n\n<p>Some projects of the exhibition &#8220;La Fleur et la Force&#8221; are only accessible upon presentation of the Contemporaine Pass of N\u00eemes (which includes all museums, Le S\u00e9maphore cinema, and the Chapelle des J\u00e9suites), available for purchase at the Tourist Office information desk or online for 10\u20ac, with various discounted rates and free options*.<\/p>\n\n\n\n<p>Admission to the Contemporaine de N\u00eemes is also free on the opening weekend (April 5-6-7, 2024), and during the nocturne on June 22, 2024.<\/p>\n\n\n\n<h3 class=\"wp-block-heading\" class=\"wp-block-heading\" id=\"information-desks\"><strong>INFORMATION DESKS<\/strong><\/h3>\n\n\n\n<p>Two information desks are available to visitors throughout the event:<\/p>\n\n\n\n<ul class=\"wp-block-list\">\n<li><strong>MAIN INFORMATION DESK &#8211; CARR\u00c9 D&#8217;ART LOBBY<\/strong><br>Open Tuesday to Sunday, 10 am to 6 pm. Closed May 1st.<br>Place de la Maison Carr\u00e9e, 30000 N\u00eemes<\/li>\n<\/ul>\n\n\n\n<p><\/p>\n\n\n\n<ul class=\"wp-block-list\">\n<li><strong>TOURIST OFFICE<\/strong><br>Open daily from 9am to 6pm.<br>6 boulevard des Ar\u00e8nes, 30900 N\u00eemes<\/li>\n<\/ul>\n\n\n\n<p><\/p>\n\n\n\n<ul class=\"wp-block-list\">\n<li>For further information:<br>Direction de l&#8217;Action culturelle (Monday to Friday, 8:30am to 12pm and 2pm to 5pm) &#8211; +33 (0)4 66 76 74 49<\/li>\n<\/ul>\n\n\n\n<h3 class=\"wp-block-heading\" class=\"wp-block-heading\" id=\"rest-areas\"><strong>REST AREAS<\/strong><\/h3>\n\n\n\n<p>Rest areas are available in all three &#8220;Houses&#8221; of the Contemporaine, where you can take a break and relax during your visit.<\/p>\n\n\n<div class=\"cdn23_CONTENT_BLOCK cdn23_CHAPEAU\"><p>&nbsp;<\/p>\n<\/div>\n\n\n<p><\/p>\n\n\n\n<p><\/p>\n\n\n\n<p><strong>* Conditions for free admission:&nbsp;<\/strong><\/p>\n\n\n\n<ul class=\"wp-block-list\">\n<li>People under the age of 26<\/li>\n\n\n\n<li>Holders of the seniors pass (issued by the N\u00eemes CCAS)<\/li>\n\n\n\n<li>People receiving minimum social benefits<\/li>\n\n\n\n<li>Job seekers<\/li>\n\n\n\n<li>People with a disability and their carers<\/li>\n\n\n\n<li>Holders of ICOM cards, national lecturers or national, regional, local and auxiliary guide-interpreters, heritage conservators and holders of Minist\u00e8re de la Culture cards<\/li>\n\n\n\n<li>Journalists<\/li>\n\n\n\n<li>Teachers of fine arts, art history and architecture<\/li>\n\n\n\n<li>Teachers from the 1st and 2nd levels of the French National Education system working on preparatory visits<\/li>\n\n\n\n<li>Holders of the N\u00eemes Museums membership or N\u00eemes City Pass<\/li>\n\n\n\n<li>Members of AAMAC (Association des Amis du Mus\u00e9e d&#8217;Art Contemporaine de N\u00eemes)<\/li>\n<\/ul>\n\n\n\n<p>Access to the Contemporaine de N\u00eemes is also free during the opening weekend (5-6-7 April 2024), and during the nocturne on June 22, 2024.<\/p>\n\n\n\n<p>For school, after-school, socio-cultural and medico-social groups:<\/p>\n\n\n\n<ul class=\"wp-block-list\">\n<li>Free admission for groups of children from schools or colleges in N\u00eemes, the surrounding area and the Gard region during the Contemporaine de N\u00eemes.<\/li>\n\n\n\n<li>Free admission for groups of children from recreation centers, socio-cultural and sports centers, associations and social, medical, medico-social and educational establishments in N\u00eemes.<\/li>\n<\/ul>\n\n\n\n<p>Free admission for all these categories is subject to presentation of valid proof of entitlement.<\/p>\n","protected":false},"excerpt":{"rendered":"<p>PASS CONTEMPORAINE DE N\u00ceMES Some projects of the exhibition &#8220;La Fleur et la Force&#8221; are only accessible upon presentation of the Contemporaine Pass of N\u00eemes (which includes all museums, Le S\u00e9maphore cinema, and the Chapelle des J\u00e9suites), available for purchase at the Tourist Office information desk or online for 10\u20ac, with various discounted rates and&hellip; <a class=\"more-link\" href=\"https:\/\/www.contemporainedenimes.com\/en\/practical-information-accessibility\/\">Continue reading <span class=\"screen-reader-text\">USEFUL INFORMATION &#038; ACCESSIBILITY<\/span><\/a><\/p>\n","protected":false},"author":2,"featured_media":0,"parent":0,"menu_order":0,"comment_status":"closed","ping_status":"closed","template":"","meta":{"_acf_changed":false,"footnotes":""},"class_list":["post-2151","page","type-page","status-publish","hentry","entry"],"acf":[],"_links":{"self":[{"href":"https:\/\/www.contemporainedenimes.com\/en\/wp-json\/wp\/v2\/pages\/2151","targetHints":{"allow":["GET"]}}],"collection":[{"href":"https:\/\/www.contemporainedenimes.com\/en\/wp-json\/wp\/v2\/pages"}],"about":[{"href":"https:\/\/www.contemporainedenimes.com\/en\/wp-json\/wp\/v2\/types\/page"}],"author":[{"embeddable":true,"href":"https:\/\/www.contemporainedenimes.com\/en\/wp-json\/wp\/v2\/users\/2"}],"replies":[{"embeddable":true,"href":"https:\/\/www.contemporainedenimes.com\/en\/wp-json\/wp\/v2\/comments?post=2151"}],"version-history":[{"count":5,"href":"https:\/\/www.contemporainedenimes.com\/en\/wp-json\/wp\/v2\/pages\/2151\/revisions"}],"predecessor-version":[{"id":2292,"href":"https:\/\/www.contemporainedenimes.com\/en\/wp-json\/wp\/v2\/pages\/2151\/revisions\/2292"}],"wp:attachment":[{"href":"https:\/\/www.contemporainedenimes.com\/en\/wp-json\/wp\/v2\/media?parent=2151"}],"curies":[{"name":"wp","href":"https:\/\/api.w.org\/{rel}","templated":true}]}}