{"id":1959,"date":"2024-01-30T13:55:20","date_gmt":"2024-01-30T12:55:20","guid":{"rendered":"https:\/\/www.contemporainedenimes.com\/?page_id=1959"},"modified":"2024-03-12T14:44:43","modified_gmt":"2024-03-12T13:44:43","slug":"the-triennial","status":"publish","type":"page","link":"https:\/\/www.contemporainedenimes.com\/en\/the-triennial\/","title":{"rendered":"THE TRIENNIAL"},"content":{"rendered":"\n<div class=\"wp-block-columns is-layout-flex wp-container-core-columns-is-layout-9d6595d7 wp-block-columns-is-layout-flex\">\n<div class=\"wp-block-column is-layout-flow wp-block-column-is-layout-flow\" style=\"flex-basis:33.33%\">\n<figure class=\"wp-block-image size-full is-resized\"><img loading=\"lazy\" decoding=\"async\" width=\"1920\" height=\"2560\" src=\"https:\/\/www.contemporainedenimes.com\/cdn23_files\/uploads\/2024\/03\/Portrait-Sophie-Roulle-scaled.jpg\" alt=\"\" class=\"wp-image-1857\" style=\"width:387px;height:auto\" srcset=\"https:\/\/www.contemporainedenimes.com\/cdn23_files\/uploads\/2024\/03\/Portrait-Sophie-Roulle-scaled.jpg 1920w, https:\/\/www.contemporainedenimes.com\/cdn23_files\/uploads\/2024\/03\/Portrait-Sophie-Roulle-225x300.jpg 225w, https:\/\/www.contemporainedenimes.com\/cdn23_files\/uploads\/2024\/03\/Portrait-Sophie-Roulle-768x1024.jpg 768w, https:\/\/www.contemporainedenimes.com\/cdn23_files\/uploads\/2024\/03\/Portrait-Sophie-Roulle-1152x1536.jpg 1152w, https:\/\/www.contemporainedenimes.com\/cdn23_files\/uploads\/2024\/03\/Portrait-Sophie-Roulle-1536x2048.jpg 1536w, https:\/\/www.contemporainedenimes.com\/cdn23_files\/uploads\/2024\/03\/Portrait-Sophie-Roulle-1568x2090.jpg 1568w, https:\/\/www.contemporainedenimes.com\/cdn23_files\/uploads\/2024\/03\/Portrait-Sophie-Roulle-1350x1800.jpg 1350w\" sizes=\"auto, (max-width: 1920px) 100vw, 1920px\" \/><\/figure>\n\n\n<div class=\"cdn23_img_block_legende REVEAL\">Sophie Roulle.<\/div><div class=\"cdn23_img_block_copyright REVEAL\">\u00a9 Photo City of N\u00eemes.<\/div><\/div>\n\n\n\n<div class=\"wp-block-column is-layout-flow wp-block-column-is-layout-flow\" style=\"flex-basis:66.66%\"><div class=\"cdn23_CONTENT_BLOCK cdn23_CHAPEAU\"><\/div>\n\n<div class=\"cdn23_CONTENT_BLOCK cdn23_CHAPEAU\"><p><em><strong>&#8220;The City of N\u00eemes is determined to offer a new contemporary event capable of attracting a new audience. The Contemporaine de N\u00eemes is not an off-the-ground event, but a made-to-measure project, originating in the area, for the residents of N\u00eemes and its visitors, both ambitious and audacious.&#8221;<\/strong><\/em><\/p>\n<p><strong>\u2014 Sophie Roulle, Deputy Delegate for Culture, City of N\u00eemes<\/strong><\/p>\n<p style=\"text-align: left;\"><br style=\"font-weight: 400;\" \/><br style=\"font-weight: 400;\" \/><\/p>\n<\/div><\/div>\n<\/div>\n\n\n\n<figure class=\"wp-block-image size-full\"><img loading=\"lazy\" decoding=\"async\" width=\"1500\" height=\"809\" src=\"https:\/\/www.contemporainedenimes.com\/wp-content\/uploads\/2024\/02\/nimes.webp\" alt=\"\" class=\"wp-image-1156\" srcset=\"https:\/\/www.contemporainedenimes.com\/cdn23_files\/uploads\/2024\/02\/nimes.webp 1500w, https:\/\/www.contemporainedenimes.com\/cdn23_files\/uploads\/2024\/02\/nimes-300x162.webp 300w, https:\/\/www.contemporainedenimes.com\/cdn23_files\/uploads\/2024\/02\/nimes-1024x552.webp 1024w, https:\/\/www.contemporainedenimes.com\/cdn23_files\/uploads\/2024\/02\/nimes-768x414.webp 768w, https:\/\/www.contemporainedenimes.com\/cdn23_files\/uploads\/2024\/02\/nimes-5x3.webp 5w\" sizes=\"auto, (max-width: 1500px) 100vw, 1500px\" \/><\/figure>\n\n\n<div class=\"cdn23_img_block_legende REVEAL\">N\u00eemes and its Arenas.<\/div><div class=\"cdn23_img_block_copyright REVEAL\">\u00a9 Photo City of N\u00eemes.<\/div>\n\n<div class=\"cdn23_CONTENT_BLOCK cdn23_CHAPEAU\"><p><span style=\"font-weight: 400;\">The Contemporaine de N\u00eemes is a new contemporary art triennial initiated by the city of N\u00eemes. Every three years starting from 2024 onwards, a selection of today&#8217;s art is presented across the city, revolving around a main theme. Public spaces, monuments, heritage sites, museums, cultural venues and everyday places are thus invested by established and emerging artists from the French and international scene, from all disciplines and generations. Each edition of the Contemporaine is an invitation to discover and explore contemporary creation and N\u00eemes in a different way, within the framework of a program that is equally ambitious, generous and accessible.<\/span><\/p>\n<\/div>\n\n\n<div class=\"wp-block-columns is-layout-flex wp-container-core-columns-is-layout-9d6595d7 wp-block-columns-is-layout-flex\">\n<div class=\"wp-block-column is-layout-flow wp-block-column-is-layout-flow\" style=\"flex-basis:66.66%\">\n<h3 class=\"wp-block-heading\" class=\"wp-block-heading\" id=\"an-ambitious-unifying-and-sustainable-project\"><strong>AN AMBITIOUS, UNIFYING AND SUSTAINABLE PROJECT<\/strong><\/h3>\n\n\n\n<p>For several decades now, N\u00eemes has had a very close relationship with contemporary art. Architectural projects have played a key role in shaping this relationship. The emblem of this approach is undoubtedly Carr\u00e9 d&#8217;Art, intended by Jean Bousquet and designed by architect Norman Foster.&nbsp;<\/p>\n\n\n\n<p>Over the years, Carr\u00e9 d&#8217;Art has asserted itself as a temple dedicated to contemporary art, notably thanks to the rich collection built up by Bob Calle and further developed by the three directors who succeeded him, Guy Tosatto, Fran\u00e7oise Cohen and Jean-Marc Pr\u00e9vost. Thumbing its nose at its ancient treasures, N\u00eemes has become a stronghold for contemporary art in France and Europe. 2024 will be an important year for contemporary art in N\u00eemes with this first edition, both in public and museum spaces. The Contemporaine de N\u00eemes will take over the streets of our city for a year of exceptional creation.&nbsp;<\/p>\n\n\n\n<p>This is an ambitious, unifying and sustainable project, built around the history and identity of our city. It is also an integral part of the life of our community and its stakeholders. By positioning N\u00eemes as the epicenter of contemporary creation in 2024, Sophie Roulle and I are determined to breathe new life into the momentum that has driven our city for over 30 years.<\/p>\n\n\n\n<p class=\"has-text-align-right\"><strong>Jean-Paul Fournier<br>Mayor of N\u00eemes<\/strong><\/p>\n<\/div>\n\n\n\n<div class=\"wp-block-column is-layout-flow wp-block-column-is-layout-flow\" style=\"flex-basis:33.33%\">\n<div class=\"wp-block-group\"><div class=\"wp-block-group__inner-container is-layout-constrained wp-block-group-is-layout-constrained\"><div class=\"wp-block-image\">\n<figure class=\"aligncenter size-full is-resized\"><img loading=\"lazy\" decoding=\"async\" width=\"1708\" height=\"2560\" src=\"https:\/\/www.contemporainedenimes.com\/cdn23_files\/uploads\/2024\/02\/Portrait-Jean-Paul-Fournier-1-scaled.jpg\" alt=\"\" class=\"wp-image-1080\" style=\"width:441px;height:auto\" srcset=\"https:\/\/www.contemporainedenimes.com\/cdn23_files\/uploads\/2024\/02\/Portrait-Jean-Paul-Fournier-1-scaled.jpg 1708w, https:\/\/www.contemporainedenimes.com\/cdn23_files\/uploads\/2024\/02\/Portrait-Jean-Paul-Fournier-1-200x300.jpg 200w, https:\/\/www.contemporainedenimes.com\/cdn23_files\/uploads\/2024\/02\/Portrait-Jean-Paul-Fournier-1-683x1024.jpg 683w, https:\/\/www.contemporainedenimes.com\/cdn23_files\/uploads\/2024\/02\/Portrait-Jean-Paul-Fournier-1-768x1151.jpg 768w, https:\/\/www.contemporainedenimes.com\/cdn23_files\/uploads\/2024\/02\/Portrait-Jean-Paul-Fournier-1-1025x1536.jpg 1025w, https:\/\/www.contemporainedenimes.com\/cdn23_files\/uploads\/2024\/02\/Portrait-Jean-Paul-Fournier-1-1366x2048.jpg 1366w, https:\/\/www.contemporainedenimes.com\/cdn23_files\/uploads\/2024\/02\/Portrait-Jean-Paul-Fournier-1-1568x2351.jpg 1568w, https:\/\/www.contemporainedenimes.com\/cdn23_files\/uploads\/2024\/02\/Portrait-Jean-Paul-Fournier-1-1201x1800.jpg 1201w, https:\/\/www.contemporainedenimes.com\/cdn23_files\/uploads\/2024\/02\/Portrait-Jean-Paul-Fournier-1-3x5.jpg 3w\" sizes=\"auto, (max-width: 1708px) 100vw, 1708px\" \/><\/figure>\n<\/div>\n\n<div class=\"cdn23_img_block_legende REVEAL\">Jean-Paul Fournier.<\/div><div class=\"cdn23_img_block_copyright REVEAL\">\u00a9 Photo City of N\u00eemes.<\/div><\/div><\/div>\n<\/div>\n<\/div>\n","protected":false},"excerpt":{"rendered":"<p>AN AMBITIOUS, UNIFYING AND SUSTAINABLE PROJECT For several decades now, N\u00eemes has had a very close relationship with contemporary art. Architectural projects have played a key role in shaping this relationship. The emblem of this approach is undoubtedly Carr\u00e9 d&#8217;Art, intended by Jean Bousquet and designed by architect Norman Foster.&nbsp; Over the years, Carr\u00e9 d&#8217;Art&hellip; <a class=\"more-link\" href=\"https:\/\/www.contemporainedenimes.com\/en\/the-triennial\/\">Continue reading <span class=\"screen-reader-text\">THE TRIENNIAL<\/span><\/a><\/p>\n","protected":false},"author":2,"featured_media":0,"parent":0,"menu_order":0,"comment_status":"closed","ping_status":"closed","template":"","meta":{"_acf_changed":false,"footnotes":""},"class_list":["post-1959","page","type-page","status-publish","hentry","entry"],"acf":[],"_links":{"self":[{"href":"https:\/\/www.contemporainedenimes.com\/en\/wp-json\/wp\/v2\/pages\/1959","targetHints":{"allow":["GET"]}}],"collection":[{"href":"https:\/\/www.contemporainedenimes.com\/en\/wp-json\/wp\/v2\/pages"}],"about":[{"href":"https:\/\/www.contemporainedenimes.com\/en\/wp-json\/wp\/v2\/types\/page"}],"author":[{"embeddable":true,"href":"https:\/\/www.contemporainedenimes.com\/en\/wp-json\/wp\/v2\/users\/2"}],"replies":[{"embeddable":true,"href":"https:\/\/www.contemporainedenimes.com\/en\/wp-json\/wp\/v2\/comments?post=1959"}],"version-history":[{"count":3,"href":"https:\/\/www.contemporainedenimes.com\/en\/wp-json\/wp\/v2\/pages\/1959\/revisions"}],"predecessor-version":[{"id":2201,"href":"https:\/\/www.contemporainedenimes.com\/en\/wp-json\/wp\/v2\/pages\/1959\/revisions\/2201"}],"wp:attachment":[{"href":"https:\/\/www.contemporainedenimes.com\/en\/wp-json\/wp\/v2\/media?parent=1959"}],"curies":[{"name":"wp","href":"https:\/\/api.w.org\/{rel}","templated":true}]}}